{"id":987,"date":"2023-03-27T20:29:08","date_gmt":"2023-03-27T20:29:08","guid":{"rendered":"https:\/\/eft-montenegro.com\/?page_id=987"},"modified":"2023-07-28T22:44:43","modified_gmt":"2023-07-28T22:44:43","slug":"about-us","status":"publish","type":"page","link":"https:\/\/eft-montenegro.com\/de\/about-us\/","title":{"rendered":"\u00dcBER UNS"},"content":{"rendered":"<div data-elementor-type=\"wp-page\" data-elementor-id=\"987\" class=\"elementor elementor-987\" data-elementor-post-type=\"page\">\n\t\t\t\t\t\t<section class=\"elementor-section elementor-top-section elementor-element elementor-element-cf96a8c elementor-section-full_width elementor-section-height-min-height elementor-section-content-middle elementor-section-height-default elementor-section-items-middle\" data-id=\"cf96a8c\" data-element_type=\"section\" data-e-type=\"section\" data-settings=\"{&quot;background_background&quot;:&quot;classic&quot;}\">\n\t\t\t\t\t\t\t<div class=\"elementor-background-overlay\"><\/div>\n\t\t\t\t\t\t\t<div class=\"elementor-container elementor-column-gap-no\">\n\t\t\t\t\t<div class=\"elementor-column elementor-col-100 elementor-top-column elementor-element elementor-element-0a7f773\" data-id=\"0a7f773\" data-element_type=\"column\" data-e-type=\"column\">\n\t\t\t<div class=\"elementor-widget-wrap\">\n\t\t\t\t\t\t\t<\/div>\n\t\t<\/div>\n\t\t\t\t\t<\/div>\n\t\t<\/section>\n\t\t\t\t<section class=\"elementor-section elementor-top-section elementor-element elementor-element-4b0c983 animated-slow elementor-section-boxed elementor-section-height-default elementor-section-height-default elementor-invisible\" data-id=\"4b0c983\" data-element_type=\"section\" data-e-type=\"section\" data-settings=\"{&quot;background_background&quot;:&quot;classic&quot;,&quot;animation&quot;:&quot;fadeInUp&quot;,&quot;animation_delay&quot;:1}\">\n\t\t\t\t\t\t<div class=\"elementor-container elementor-column-gap-default\">\n\t\t\t\t\t<div class=\"elementor-column elementor-col-100 elementor-top-column elementor-element elementor-element-fdeb2cf elementor-invisible\" data-id=\"fdeb2cf\" data-element_type=\"column\" data-e-type=\"column\" data-settings=\"{&quot;animation&quot;:&quot;fadeInDown&quot;}\">\n\t\t\t<div class=\"elementor-widget-wrap elementor-element-populated\">\n\t\t\t\t\t\t<div class=\"elementor-element elementor-element-994dee0 elementor-widget elementor-widget-heading\" data-id=\"994dee0\" data-element_type=\"widget\" data-e-type=\"widget\" data-settings=\"{&quot;motion_fx_motion_fx_scrolling&quot;:&quot;yes&quot;,&quot;motion_fx_scale_effect&quot;:&quot;yes&quot;,&quot;motion_fx_scale_speed&quot;:{&quot;unit&quot;:&quot;px&quot;,&quot;size&quot;:2,&quot;sizes&quot;:[]},&quot;motion_fx_scale_direction&quot;:&quot;out-in&quot;,&quot;motion_fx_scale_range&quot;:{&quot;unit&quot;:&quot;%&quot;,&quot;size&quot;:&quot;&quot;,&quot;sizes&quot;:{&quot;start&quot;:20,&quot;end&quot;:80}},&quot;motion_fx_devices&quot;:[&quot;desktop&quot;,&quot;tablet&quot;,&quot;mobile&quot;]}\" data-widget_type=\"heading.default\">\n\t\t\t\t<div class=\"elementor-widget-container\">\n\t\t\t\t\t<h2 class=\"elementor-heading-title elementor-size-default\">\u00dcBER UNS\n<\/h2>\t\t\t\t<\/div>\n\t\t\t\t<\/div>\n\t\t\t\t<div class=\"elementor-element elementor-element-22b5d3f elementor-widget elementor-widget-heading\" data-id=\"22b5d3f\" data-element_type=\"widget\" data-e-type=\"widget\" data-widget_type=\"heading.default\">\n\t\t\t\t<div class=\"elementor-widget-container\">\n\t\t\t\t\t<h2 class=\"elementor-heading-title elementor-size-default\">TRIDENT CSL GmbH ist ein globales Unternehmen, das sich der Bereitstellung hochwertiger Brandschutzl\u00f6sungen f\u00fcr unsere Kunden durch die Produktion von 100 % biologischen Feuerl\u00f6schmitteln verschrieben hat. Mit jahrelanger Erfahrung in der Branche hat sich TRIDENT als vertrauensw\u00fcrdige und zuverl\u00e4ssige Quelle f\u00fcr Feuerl\u00f6scher und verwandte Produkte f\u00fcr verschiedene private und \u00f6ffentliche Einrichtungen auf der ganzen Welt etabliert.\n<br><br>\nTRIDENT CSL GmbH ist bestrebt, die unterschiedlichen Bed\u00fcrfnisse unserer Kunden zu erf\u00fcllen, unabh\u00e4ngig davon, ob es sich um Hausbesitzer, Kleinunternehmer, gewerbliche, \u00f6ffentliche, Gesundheits- oder Industrieeinrichtungen handelt.Wir verstehen, dass Brandschutz h\u00f6chste Priorit\u00e4t hat, und bem\u00fchen uns, eine Reihe von Produkten anzubieten, die effektiv, zuverl\u00e4ssig und einfach zu verwenden und gleichzeitig umweltfreundlich sind. \n<\/h2>\t\t\t\t<\/div>\n\t\t\t\t<\/div>\n\t\t\t\t\t<\/div>\n\t\t<\/div>\n\t\t\t\t\t<\/div>\n\t\t<\/section>\n\t\t\t\t<section class=\"elementor-section elementor-top-section elementor-element elementor-element-cdc681a elementor-section-boxed elementor-section-height-default elementor-section-height-default\" data-id=\"cdc681a\" data-element_type=\"section\" data-e-type=\"section\" data-settings=\"{&quot;shape_divider_bottom&quot;:&quot;triangle&quot;,&quot;shape_divider_bottom_negative&quot;:&quot;yes&quot;}\">\n\t\t\t\t\t<div class=\"elementor-shape elementor-shape-bottom\" aria-hidden=\"true\" data-negative=\"true\">\n\t\t\t<svg xmlns=\"http:\/\/www.w3.org\/2000\/svg\" viewbox=\"0 0 1000 100\" preserveaspectratio=\"none\">\n\t<path class=\"elementor-shape-fill\" d=\"M500.2,94.7L0,0v100h1000V0L500.2,94.7z\"\/>\n<\/svg>\t\t<\/div>\n\t\t\t\t\t<div class=\"elementor-container elementor-column-gap-default\">\n\t\t\t\t\t<div class=\"elementor-column elementor-col-50 elementor-top-column elementor-element elementor-element-078b11a animated-slow elementor-invisible\" data-id=\"078b11a\" data-element_type=\"column\" data-e-type=\"column\" data-settings=\"{&quot;animation&quot;:&quot;fadeInUp&quot;,&quot;animation_delay&quot;:3}\">\n\t\t\t<div class=\"elementor-widget-wrap elementor-element-populated\">\n\t\t\t\t\t\t<div class=\"elementor-element elementor-element-1b1d95a elementor-widget elementor-widget-image\" data-id=\"1b1d95a\" data-element_type=\"widget\" data-e-type=\"widget\" data-widget_type=\"image.default\">\n\t\t\t\t<div class=\"elementor-widget-container\">\n\t\t\t\t\t\t\t\t\t\t\t\t\t\t\t<img fetchpriority=\"high\" decoding=\"async\" width=\"1100\" height=\"1247\" src=\"https:\/\/eft-montenegro.com\/wp-content\/uploads\/2023\/04\/proffesionalteam-min.png\" class=\"elementor-animation-grow attachment-full size-full wp-image-1277\" alt=\"\" srcset=\"https:\/\/eft-montenegro.com\/wp-content\/uploads\/2023\/04\/proffesionalteam-min.png 1100w, https:\/\/eft-montenegro.com\/wp-content\/uploads\/2023\/04\/proffesionalteam-min-265x300.png 265w, https:\/\/eft-montenegro.com\/wp-content\/uploads\/2023\/04\/proffesionalteam-min-909x1030.png 909w, https:\/\/eft-montenegro.com\/wp-content\/uploads\/2023\/04\/proffesionalteam-min-768x871.png 768w, https:\/\/eft-montenegro.com\/wp-content\/uploads\/2023\/04\/proffesionalteam-min-11x12.png 11w\" sizes=\"(max-width: 1100px) 100vw, 1100px\" \/>\t\t\t\t\t\t\t\t\t\t\t\t\t\t\t<\/div>\n\t\t\t\t<\/div>\n\t\t\t\t\t<\/div>\n\t\t<\/div>\n\t\t\t\t<div class=\"elementor-column elementor-col-50 elementor-top-column elementor-element elementor-element-2c25806 animated-slow elementor-invisible\" data-id=\"2c25806\" data-element_type=\"column\" data-e-type=\"column\" data-settings=\"{&quot;animation&quot;:&quot;fadeInUp&quot;}\">\n\t\t\t<div class=\"elementor-widget-wrap elementor-element-populated\">\n\t\t\t\t\t\t<div class=\"elementor-element elementor-element-346f79d elementor-widget elementor-widget-heading\" data-id=\"346f79d\" data-element_type=\"widget\" data-e-type=\"widget\" data-widget_type=\"heading.default\">\n\t\t\t\t<div class=\"elementor-widget-container\">\n\t\t\t\t\t<h2 class=\"elementor-heading-title elementor-size-default\">PROFESSIONELLES TEAM<\/h2>\t\t\t\t<\/div>\n\t\t\t\t<\/div>\n\t\t\t\t<div class=\"elementor-element elementor-element-d25cc1c elementor-widget elementor-widget-heading\" data-id=\"d25cc1c\" data-element_type=\"widget\" data-e-type=\"widget\" data-widget_type=\"heading.default\">\n\t\t\t\t<div class=\"elementor-widget-container\">\n\t\t\t\t\t<h2 class=\"elementor-heading-title elementor-size-default\">Unser Team besteht aus erfahrenen Fachleuten, die sich mit den neuesten Entwicklungen in der Brandschutztechnik auskennen, mit Standorten in Deutschland, Kosovo, Italien, Kroatien, Mazedonien und Albanien.Wir sind immer auf der Suche nach neuen Produkten und Innovationen, die die Sicherheit unserer Kunden verbessern und sicherstellen k\u00f6nnen, dass sie auf jeden m\u00f6glichen Brandfall vorbereitet sind.\nWir sind stolz darauf, einen au\u00dfergew\u00f6hnlichen Kundenservice zu bieten, und wir arbeiten eng mit unseren Kunden auf der ganzen Welt zusammen, um sicherzustellen, dass sie die Produkte und Dienstleistungen erhalten, die ihren Bed\u00fcrfnissen am besten entsprechen.Unser Team steht unseren Kunden jederzeit f\u00fcr Fragen, Beratung und Unterst\u00fctzung zur Verf\u00fcgung.\nZus\u00e4tzlich zu unseren Produktions- und Vertriebsaktivit\u00e4ten bieten wir auch Schulungs- und Schulungsdienste an, um unseren Kunden zu helfen, den Brandschutz und die wirksame Pr\u00e4vention von TRIDENT besser zu verstehen.\nWir glauben, dass Wissen der Schl\u00fcssel zu effektivem Brandschutz ist, und wir verpflichten uns, unser Fachwissen mit unseren Kunden und Partnern zu teilen \n<\/h2>\t\t\t\t<\/div>\n\t\t\t\t<\/div>\n\t\t\t\t\t<\/div>\n\t\t<\/div>\n\t\t\t\t\t<\/div>\n\t\t<\/section>\n\t\t\t\t<section class=\"elementor-section elementor-top-section elementor-element elementor-element-e3ca02c elementor-section-boxed elementor-section-height-default elementor-section-height-default\" data-id=\"e3ca02c\" data-element_type=\"section\" data-e-type=\"section\" data-settings=\"{&quot;shape_divider_top&quot;:&quot;tilt&quot;}\">\n\t\t\t\t\t<div class=\"elementor-shape elementor-shape-top\" aria-hidden=\"true\" data-negative=\"false\">\n\t\t\t<svg xmlns=\"http:\/\/www.w3.org\/2000\/svg\" viewbox=\"0 0 1000 100\" preserveaspectratio=\"none\">\n\t<path class=\"elementor-shape-fill\" d=\"M0,6V0h1000v100L0,6z\"\/>\n<\/svg>\t\t<\/div>\n\t\t\t\t\t<div class=\"elementor-container elementor-column-gap-default\">\n\t\t\t\t\t<div class=\"elementor-column elementor-col-50 elementor-top-column elementor-element elementor-element-c148841 animated-slow elementor-invisible\" data-id=\"c148841\" data-element_type=\"column\" data-e-type=\"column\" data-settings=\"{&quot;animation&quot;:&quot;fadeInUp&quot;}\">\n\t\t\t<div class=\"elementor-widget-wrap elementor-element-populated\">\n\t\t\t\t\t\t<div class=\"elementor-element elementor-element-7ff0533 elementor-widget elementor-widget-heading\" data-id=\"7ff0533\" data-element_type=\"widget\" data-e-type=\"widget\" data-widget_type=\"heading.default\">\n\t\t\t\t<div class=\"elementor-widget-container\">\n\t\t\t\t\t<h2 class=\"elementor-heading-title elementor-size-default\">SICHERHEIT IST PRIM\u00c4R<\/h2>\t\t\t\t<\/div>\n\t\t\t\t<\/div>\n\t\t\t\t<div class=\"elementor-element elementor-element-8b92fe5 elementor-widget elementor-widget-heading\" data-id=\"8b92fe5\" data-element_type=\"widget\" data-e-type=\"widget\" data-widget_type=\"heading.default\">\n\t\t\t\t<div class=\"elementor-widget-container\">\n\t\t\t\t\t<h2 class=\"elementor-heading-title elementor-size-default\">Wir bei TRIDENT CSL GmbH setzen uns leidenschaftlich f\u00fcr Brandschutz ein und verpflichten uns, unseren Kunden die bestm\u00f6glichen Produkte und Dienstleistungen anzubieten.Ob Sie nach einem einzelnen 100 % \u00f6kologischen Feuerl\u00f6scher suchen oder eine ganze Industrieanlage ausstatten m\u00fcssen, wir haben die L\u00f6sungen, die Sie brauchen, um sicher und gesch\u00fctzt zu bleiben.<\/h2>\t\t\t\t<\/div>\n\t\t\t\t<\/div>\n\t\t\t\t\t<\/div>\n\t\t<\/div>\n\t\t\t\t<div class=\"elementor-column elementor-col-50 elementor-top-column elementor-element elementor-element-0de1a0c animated-slow elementor-invisible\" data-id=\"0de1a0c\" data-element_type=\"column\" data-e-type=\"column\" data-settings=\"{&quot;animation&quot;:&quot;fadeInUp&quot;}\">\n\t\t\t<div class=\"elementor-widget-wrap elementor-element-populated\">\n\t\t\t\t\t\t<div class=\"elementor-element elementor-element-aaeb291 elementor-widget elementor-widget-image\" data-id=\"aaeb291\" data-element_type=\"widget\" data-e-type=\"widget\" data-widget_type=\"image.default\">\n\t\t\t\t<div class=\"elementor-widget-container\">\n\t\t\t\t\t\t\t\t\t\t\t\t\t\t\t<img decoding=\"async\" width=\"1100\" height=\"1259\" src=\"https:\/\/eft-montenegro.com\/wp-content\/uploads\/2023\/04\/safetyprimary-min.png\" class=\"elementor-animation-grow attachment-full size-full wp-image-1275\" alt=\"\" srcset=\"https:\/\/eft-montenegro.com\/wp-content\/uploads\/2023\/04\/safetyprimary-min.png 1100w, https:\/\/eft-montenegro.com\/wp-content\/uploads\/2023\/04\/safetyprimary-min-262x300.png 262w, https:\/\/eft-montenegro.com\/wp-content\/uploads\/2023\/04\/safetyprimary-min-900x1030.png 900w, https:\/\/eft-montenegro.com\/wp-content\/uploads\/2023\/04\/safetyprimary-min-768x879.png 768w, https:\/\/eft-montenegro.com\/wp-content\/uploads\/2023\/04\/safetyprimary-min-10x12.png 10w\" sizes=\"(max-width: 1100px) 100vw, 1100px\" \/>\t\t\t\t\t\t\t\t\t\t\t\t\t\t\t<\/div>\n\t\t\t\t<\/div>\n\t\t\t\t\t<\/div>\n\t\t<\/div>\n\t\t\t\t\t<\/div>\n\t\t<\/section>\n\t\t\t\t<section class=\"elementor-section elementor-top-section elementor-element elementor-element-91cd42a elementor-section-boxed elementor-section-height-default elementor-section-height-default\" data-id=\"91cd42a\" data-element_type=\"section\" data-e-type=\"section\">\n\t\t\t\t\t\t<div class=\"elementor-container elementor-column-gap-default\">\n\t\t\t\t\t<div class=\"elementor-column elementor-col-50 elementor-top-column elementor-element elementor-element-10402f0\" data-id=\"10402f0\" data-element_type=\"column\" data-e-type=\"column\">\n\t\t\t<div class=\"elementor-widget-wrap\">\n\t\t\t\t\t\t\t<\/div>\n\t\t<\/div>\n\t\t\t\t<div class=\"elementor-column elementor-col-50 elementor-top-column elementor-element elementor-element-9ff0caf\" data-id=\"9ff0caf\" data-element_type=\"column\" data-e-type=\"column\">\n\t\t\t<div class=\"elementor-widget-wrap\">\n\t\t\t\t\t\t\t<\/div>\n\t\t<\/div>\n\t\t\t\t\t<\/div>\n\t\t<\/section>\n\t\t\t\t<\/div>","protected":false},"excerpt":{"rendered":"<p>ABOUT US TRIDENT CSL L.L.C is Global company dedicated to providing high-quality fire safety solutions to our clients through production of 100% of Biological Fire Extinguishing agent. With years of experience in the industry, TRIDENT has established ourselves as a trusted and reliable source for fire extinguishers and related products for various private and public [&hellip;]<\/p>","protected":false},"author":1,"featured_media":0,"parent":0,"menu_order":0,"comment_status":"closed","ping_status":"closed","template":"elementor_header_footer","meta":{"footnotes":""},"class_list":["post-987","page","type-page","status-publish","hentry"],"yoast_head":"<!-- This site is optimized with the Yoast SEO Premium plugin v21.5 (Yoast SEO v27.0) - https:\/\/yoast.com\/product\/yoast-seo-premium-wordpress\/ -->\n<title>About us - Eco Fire Technology<\/title>\n<meta name=\"description\" content=\"About us - Eco Fire Technology\" \/>\n<meta name=\"robots\" content=\"index, follow, max-snippet:-1, max-image-preview:large, max-video-preview:-1\" \/>\n<link rel=\"canonical\" href=\"https:\/\/eft-montenegro.com\/de\/about-us\/\" \/>\n<meta property=\"og:locale\" content=\"de_DE\" \/>\n<meta property=\"og:type\" content=\"article\" \/>\n<meta property=\"og:title\" content=\"About us - Eco Fire Technology\" \/>\n<meta property=\"og:description\" content=\"About us - Eco Fire Technology\" \/>\n<meta property=\"og:url\" content=\"https:\/\/eft-montenegro.com\/de\/about-us\/\" \/>\n<meta property=\"og:site_name\" content=\"Eco Fire Technology\" \/>\n<meta property=\"article:modified_time\" content=\"2023-07-28T22:44:43+00:00\" \/>\n<meta property=\"og:image\" content=\"https:\/\/eft-montenegro.com\/wp-content\/uploads\/2023\/04\/proffesionalteam-min.png\" \/>\n<meta name=\"twitter:card\" content=\"summary_large_image\" \/>\n<meta name=\"twitter:label1\" content=\"Gesch\u00e4tzte Lesezeit\" \/>\n\t<meta name=\"twitter:data1\" content=\"2\u00a0Minuten\" \/>\n<script type=\"application\/ld+json\" class=\"yoast-schema-graph\">{\"@context\":\"https:\/\/schema.org\",\"@graph\":[{\"@type\":\"WebPage\",\"@id\":\"https:\/\/eft-montenegro.com\/crn\/about-us\/\",\"url\":\"https:\/\/eft-montenegro.com\/crn\/about-us\/\",\"name\":\"About us - Eco Fire Technology\",\"isPartOf\":{\"@id\":\"https:\/\/eft-montenegro.com\/en\/#website\"},\"primaryImageOfPage\":{\"@id\":\"https:\/\/eft-montenegro.com\/crn\/about-us\/#primaryimage\"},\"image\":{\"@id\":\"https:\/\/eft-montenegro.com\/crn\/about-us\/#primaryimage\"},\"thumbnailUrl\":\"https:\/\/eft-montenegro.com\/wp-content\/uploads\/2023\/04\/proffesionalteam-min.png\",\"datePublished\":\"2023-03-27T20:29:08+00:00\",\"dateModified\":\"2023-07-28T22:44:43+00:00\",\"description\":\"About us - Eco Fire Technology\",\"breadcrumb\":{\"@id\":\"https:\/\/eft-montenegro.com\/crn\/about-us\/#breadcrumb\"},\"inLanguage\":\"de\",\"potentialAction\":[{\"@type\":\"ReadAction\",\"target\":[\"https:\/\/eft-montenegro.com\/crn\/about-us\/\"]}]},{\"@type\":\"ImageObject\",\"inLanguage\":\"de\",\"@id\":\"https:\/\/eft-montenegro.com\/crn\/about-us\/#primaryimage\",\"url\":\"https:\/\/eft-montenegro.com\/wp-content\/uploads\/2023\/04\/proffesionalteam-min.png\",\"contentUrl\":\"https:\/\/eft-montenegro.com\/wp-content\/uploads\/2023\/04\/proffesionalteam-min.png\"},{\"@type\":\"BreadcrumbList\",\"@id\":\"https:\/\/eft-montenegro.com\/crn\/about-us\/#breadcrumb\",\"itemListElement\":[{\"@type\":\"ListItem\",\"position\":1,\"name\":\"Home\",\"item\":\"https:\/\/eft-montenegro.com\/crn\/\"},{\"@type\":\"ListItem\",\"position\":2,\"name\":\"About us\"}]},{\"@type\":\"WebSite\",\"@id\":\"https:\/\/eft-montenegro.com\/en\/#website\",\"url\":\"https:\/\/eft-montenegro.com\/en\/\",\"name\":\"Eco Fire Technology\",\"description\":\"\",\"publisher\":{\"@id\":\"https:\/\/eft-montenegro.com\/en\/#organization\"},\"potentialAction\":[{\"@type\":\"SearchAction\",\"target\":{\"@type\":\"EntryPoint\",\"urlTemplate\":\"https:\/\/eft-montenegro.com\/en\/?s={search_term_string}\"},\"query-input\":{\"@type\":\"PropertyValueSpecification\",\"valueRequired\":true,\"valueName\":\"search_term_string\"}}],\"inLanguage\":\"de\"},{\"@type\":\"Organization\",\"@id\":\"https:\/\/eft-montenegro.com\/en\/#organization\",\"name\":\"Trident CSL\",\"url\":\"https:\/\/eft-montenegro.com\/en\/\",\"logo\":{\"@type\":\"ImageObject\",\"inLanguage\":\"de\",\"@id\":\"https:\/\/eft-montenegro.com\/en\/#\/schema\/logo\/image\/\",\"url\":\"https:\/\/eft-montenegro.com\/wp-content\/uploads\/2023\/03\/eft_logo-1.png\",\"contentUrl\":\"https:\/\/eft-montenegro.com\/wp-content\/uploads\/2023\/03\/eft_logo-1.png\",\"width\":1903,\"height\":1012,\"caption\":\"Trident CSL\"},\"image\":{\"@id\":\"https:\/\/eft-montenegro.com\/en\/#\/schema\/logo\/image\/\"}}]}<\/script>\n<!-- \/ Yoast SEO Premium plugin. -->","yoast_head_json":{"title":"About us - Eco Fire Technology","description":"About us - Eco Fire Technology","robots":{"index":"index","follow":"follow","max-snippet":"max-snippet:-1","max-image-preview":"max-image-preview:large","max-video-preview":"max-video-preview:-1"},"canonical":"https:\/\/eft-montenegro.com\/de\/about-us\/","og_locale":"de_DE","og_type":"article","og_title":"About us - Eco Fire Technology","og_description":"About us - Eco Fire Technology","og_url":"https:\/\/eft-montenegro.com\/de\/about-us\/","og_site_name":"Eco Fire Technology","article_modified_time":"2023-07-28T22:44:43+00:00","og_image":[{"url":"https:\/\/eft-montenegro.com\/wp-content\/uploads\/2023\/04\/proffesionalteam-min.png","type":"","width":"","height":""}],"twitter_card":"summary_large_image","twitter_misc":{"Gesch\u00e4tzte Lesezeit":"2\u00a0Minuten"},"schema":{"@context":"https:\/\/schema.org","@graph":[{"@type":"WebPage","@id":"https:\/\/eft-montenegro.com\/crn\/about-us\/","url":"https:\/\/eft-montenegro.com\/crn\/about-us\/","name":"About us - Eco Fire Technology","isPartOf":{"@id":"https:\/\/eft-montenegro.com\/en\/#website"},"primaryImageOfPage":{"@id":"https:\/\/eft-montenegro.com\/crn\/about-us\/#primaryimage"},"image":{"@id":"https:\/\/eft-montenegro.com\/crn\/about-us\/#primaryimage"},"thumbnailUrl":"https:\/\/eft-montenegro.com\/wp-content\/uploads\/2023\/04\/proffesionalteam-min.png","datePublished":"2023-03-27T20:29:08+00:00","dateModified":"2023-07-28T22:44:43+00:00","description":"About us - Eco Fire Technology","breadcrumb":{"@id":"https:\/\/eft-montenegro.com\/crn\/about-us\/#breadcrumb"},"inLanguage":"de","potentialAction":[{"@type":"ReadAction","target":["https:\/\/eft-montenegro.com\/crn\/about-us\/"]}]},{"@type":"ImageObject","inLanguage":"de","@id":"https:\/\/eft-montenegro.com\/crn\/about-us\/#primaryimage","url":"https:\/\/eft-montenegro.com\/wp-content\/uploads\/2023\/04\/proffesionalteam-min.png","contentUrl":"https:\/\/eft-montenegro.com\/wp-content\/uploads\/2023\/04\/proffesionalteam-min.png"},{"@type":"BreadcrumbList","@id":"https:\/\/eft-montenegro.com\/crn\/about-us\/#breadcrumb","itemListElement":[{"@type":"ListItem","position":1,"name":"Home","item":"https:\/\/eft-montenegro.com\/crn\/"},{"@type":"ListItem","position":2,"name":"About us"}]},{"@type":"WebSite","@id":"https:\/\/eft-montenegro.com\/en\/#website","url":"https:\/\/eft-montenegro.com\/en\/","name":"Eco Fire Technology","description":"","publisher":{"@id":"https:\/\/eft-montenegro.com\/en\/#organization"},"potentialAction":[{"@type":"SearchAction","target":{"@type":"EntryPoint","urlTemplate":"https:\/\/eft-montenegro.com\/en\/?s={search_term_string}"},"query-input":{"@type":"PropertyValueSpecification","valueRequired":true,"valueName":"search_term_string"}}],"inLanguage":"de"},{"@type":"Organization","@id":"https:\/\/eft-montenegro.com\/en\/#organization","name":"Trident CSL","url":"https:\/\/eft-montenegro.com\/en\/","logo":{"@type":"ImageObject","inLanguage":"de","@id":"https:\/\/eft-montenegro.com\/en\/#\/schema\/logo\/image\/","url":"https:\/\/eft-montenegro.com\/wp-content\/uploads\/2023\/03\/eft_logo-1.png","contentUrl":"https:\/\/eft-montenegro.com\/wp-content\/uploads\/2023\/03\/eft_logo-1.png","width":1903,"height":1012,"caption":"Trident CSL"},"image":{"@id":"https:\/\/eft-montenegro.com\/en\/#\/schema\/logo\/image\/"}}]}},"_links":{"self":[{"href":"https:\/\/eft-montenegro.com\/de\/wp-json\/wp\/v2\/pages\/987","targetHints":{"allow":["GET"]}}],"collection":[{"href":"https:\/\/eft-montenegro.com\/de\/wp-json\/wp\/v2\/pages"}],"about":[{"href":"https:\/\/eft-montenegro.com\/de\/wp-json\/wp\/v2\/types\/page"}],"author":[{"embeddable":true,"href":"https:\/\/eft-montenegro.com\/de\/wp-json\/wp\/v2\/users\/1"}],"replies":[{"embeddable":true,"href":"https:\/\/eft-montenegro.com\/de\/wp-json\/wp\/v2\/comments?post=987"}],"version-history":[{"count":37,"href":"https:\/\/eft-montenegro.com\/de\/wp-json\/wp\/v2\/pages\/987\/revisions"}],"predecessor-version":[{"id":1445,"href":"https:\/\/eft-montenegro.com\/de\/wp-json\/wp\/v2\/pages\/987\/revisions\/1445"}],"wp:attachment":[{"href":"https:\/\/eft-montenegro.com\/de\/wp-json\/wp\/v2\/media?parent=987"}],"curies":[{"name":"wp","href":"https:\/\/api.w.org\/{rel}","templated":true}]}}