{"id":987,"date":"2023-03-27T20:29:08","date_gmt":"2023-03-27T20:29:08","guid":{"rendered":"https:\/\/eft-montenegro.com\/?page_id=987"},"modified":"2023-07-28T22:44:43","modified_gmt":"2023-07-28T22:44:43","slug":"about-us","status":"publish","type":"page","link":"https:\/\/eft-montenegro.com\/tr\/about-us\/","title":{"rendered":"HAKKIMIZDA"},"content":{"rendered":"<div data-elementor-type=\"wp-page\" data-elementor-id=\"987\" class=\"elementor elementor-987\" data-elementor-post-type=\"page\">\n\t\t\t\t\t\t<section class=\"elementor-section elementor-top-section elementor-element elementor-element-cf96a8c elementor-section-full_width elementor-section-height-min-height elementor-section-content-middle elementor-section-height-default elementor-section-items-middle\" data-id=\"cf96a8c\" data-element_type=\"section\" data-e-type=\"section\" data-settings=\"{&quot;background_background&quot;:&quot;classic&quot;}\">\n\t\t\t\t\t\t\t<div class=\"elementor-background-overlay\"><\/div>\n\t\t\t\t\t\t\t<div class=\"elementor-container elementor-column-gap-no\">\n\t\t\t\t\t<div class=\"elementor-column elementor-col-100 elementor-top-column elementor-element elementor-element-0a7f773\" data-id=\"0a7f773\" data-element_type=\"column\" data-e-type=\"column\">\n\t\t\t<div class=\"elementor-widget-wrap\">\n\t\t\t\t\t\t\t<\/div>\n\t\t<\/div>\n\t\t\t\t\t<\/div>\n\t\t<\/section>\n\t\t\t\t<section class=\"elementor-section elementor-top-section elementor-element elementor-element-4b0c983 animated-slow elementor-section-boxed elementor-section-height-default elementor-section-height-default elementor-invisible\" data-id=\"4b0c983\" data-element_type=\"section\" data-e-type=\"section\" data-settings=\"{&quot;background_background&quot;:&quot;classic&quot;,&quot;animation&quot;:&quot;fadeInUp&quot;,&quot;animation_delay&quot;:1}\">\n\t\t\t\t\t\t<div class=\"elementor-container elementor-column-gap-default\">\n\t\t\t\t\t<div class=\"elementor-column elementor-col-100 elementor-top-column elementor-element elementor-element-fdeb2cf elementor-invisible\" data-id=\"fdeb2cf\" data-element_type=\"column\" data-e-type=\"column\" data-settings=\"{&quot;animation&quot;:&quot;fadeInDown&quot;}\">\n\t\t\t<div class=\"elementor-widget-wrap elementor-element-populated\">\n\t\t\t\t\t\t<div class=\"elementor-element elementor-element-994dee0 elementor-widget elementor-widget-heading\" data-id=\"994dee0\" data-element_type=\"widget\" data-e-type=\"widget\" data-settings=\"{&quot;motion_fx_motion_fx_scrolling&quot;:&quot;yes&quot;,&quot;motion_fx_scale_effect&quot;:&quot;yes&quot;,&quot;motion_fx_scale_speed&quot;:{&quot;unit&quot;:&quot;px&quot;,&quot;size&quot;:2,&quot;sizes&quot;:[]},&quot;motion_fx_scale_direction&quot;:&quot;out-in&quot;,&quot;motion_fx_scale_range&quot;:{&quot;unit&quot;:&quot;%&quot;,&quot;size&quot;:&quot;&quot;,&quot;sizes&quot;:{&quot;start&quot;:20,&quot;end&quot;:80}},&quot;motion_fx_devices&quot;:[&quot;desktop&quot;,&quot;tablet&quot;,&quot;mobile&quot;]}\" data-widget_type=\"heading.default\">\n\t\t\t\t<div class=\"elementor-widget-container\">\n\t\t\t\t\t<h2 class=\"elementor-heading-title elementor-size-default\">HAKKIMIZDA\n<\/h2>\t\t\t\t<\/div>\n\t\t\t\t<\/div>\n\t\t\t\t<div class=\"elementor-element elementor-element-22b5d3f elementor-widget elementor-widget-heading\" data-id=\"22b5d3f\" data-element_type=\"widget\" data-e-type=\"widget\" data-widget_type=\"heading.default\">\n\t\t\t\t<div class=\"elementor-widget-container\">\n\t\t\t\t\t<h2 class=\"elementor-heading-title elementor-size-default\">TRIDENT CSL LLC, kendini 0 biyolojik yang\u0131n s\u00f6nd\u00fcrme maddesi \u00fcretimi yoluyla m\u00fc\u015fterilerimize y\u00fcksek kaliteli yang\u0131n g\u00fcvenli\u011fi \u00e7\u00f6z\u00fcmleri sunmaya adam\u0131\u015f k\u00fcresel bir \u015firkettir.Sekt\u00f6rde uzun y\u0131llara dayanan tecr\u00fcbesiyle TRIDENT, d\u00fcnya \u00e7ap\u0131nda \u00e7e\u015fitli \u00f6zel ve kamu kurumlar\u0131 i\u00e7in yang\u0131n s\u00f6nd\u00fcr\u00fcc\u00fcler ve ilgili \u00fcr\u00fcnler i\u00e7in g\u00fcvenilir ve emniyetli bir kaynak olarak kendini kan\u0131tlam\u0131\u015ft\u0131r.\n<br><br>\nTRIDENT CSL LLC, ev sahibi, k\u00fc\u00e7\u00fck i\u015fletme sahibi, ticari, kamu, sa\u011fl\u0131k veya end\u00fcstriyel tesis sahibi olsun, m\u00fc\u015fterilerimizin farkl\u0131 ihtiya\u00e7lar\u0131n\u0131 kar\u015f\u0131lamaya kendini adam\u0131\u015ft\u0131r.Yang\u0131n g\u00fcvenli\u011finin en \u00f6nemli \u00f6ncelik oldu\u011funu anl\u0131yoruz ve etkili, g\u00fcvenilir ve \u00e7evre dostu olurken kullan\u0131m\u0131 kolay bir \u00fcr\u00fcn yelpazesi sunmaya \u00e7al\u0131\u015f\u0131yoruz.. \n<\/h2>\t\t\t\t<\/div>\n\t\t\t\t<\/div>\n\t\t\t\t\t<\/div>\n\t\t<\/div>\n\t\t\t\t\t<\/div>\n\t\t<\/section>\n\t\t\t\t<section class=\"elementor-section elementor-top-section elementor-element elementor-element-cdc681a elementor-section-boxed elementor-section-height-default elementor-section-height-default\" data-id=\"cdc681a\" data-element_type=\"section\" data-e-type=\"section\" data-settings=\"{&quot;shape_divider_bottom&quot;:&quot;triangle&quot;,&quot;shape_divider_bottom_negative&quot;:&quot;yes&quot;}\">\n\t\t\t\t\t<div class=\"elementor-shape elementor-shape-bottom\" aria-hidden=\"true\" data-negative=\"true\">\n\t\t\t<svg xmlns=\"http:\/\/www.w3.org\/2000\/svg\" viewbox=\"0 0 1000 100\" preserveaspectratio=\"none\">\n\t<path class=\"elementor-shape-fill\" d=\"M500.2,94.7L0,0v100h1000V0L500.2,94.7z\"\/>\n<\/svg>\t\t<\/div>\n\t\t\t\t\t<div class=\"elementor-container elementor-column-gap-default\">\n\t\t\t\t\t<div class=\"elementor-column elementor-col-50 elementor-top-column elementor-element elementor-element-078b11a animated-slow elementor-invisible\" data-id=\"078b11a\" data-element_type=\"column\" data-e-type=\"column\" data-settings=\"{&quot;animation&quot;:&quot;fadeInUp&quot;,&quot;animation_delay&quot;:3}\">\n\t\t\t<div class=\"elementor-widget-wrap elementor-element-populated\">\n\t\t\t\t\t\t<div class=\"elementor-element elementor-element-1b1d95a elementor-widget elementor-widget-image\" data-id=\"1b1d95a\" data-element_type=\"widget\" data-e-type=\"widget\" data-widget_type=\"image.default\">\n\t\t\t\t<div class=\"elementor-widget-container\">\n\t\t\t\t\t\t\t\t\t\t\t\t\t\t\t<img fetchpriority=\"high\" decoding=\"async\" width=\"1100\" height=\"1247\" src=\"https:\/\/eft-montenegro.com\/wp-content\/uploads\/2023\/04\/proffesionalteam-min.png\" class=\"elementor-animation-grow attachment-full size-full wp-image-1277\" alt=\"\" srcset=\"https:\/\/eft-montenegro.com\/wp-content\/uploads\/2023\/04\/proffesionalteam-min.png 1100w, https:\/\/eft-montenegro.com\/wp-content\/uploads\/2023\/04\/proffesionalteam-min-265x300.png 265w, https:\/\/eft-montenegro.com\/wp-content\/uploads\/2023\/04\/proffesionalteam-min-909x1030.png 909w, https:\/\/eft-montenegro.com\/wp-content\/uploads\/2023\/04\/proffesionalteam-min-768x871.png 768w, https:\/\/eft-montenegro.com\/wp-content\/uploads\/2023\/04\/proffesionalteam-min-11x12.png 11w\" sizes=\"(max-width: 1100px) 100vw, 1100px\" \/>\t\t\t\t\t\t\t\t\t\t\t\t\t\t\t<\/div>\n\t\t\t\t<\/div>\n\t\t\t\t\t<\/div>\n\t\t<\/div>\n\t\t\t\t<div class=\"elementor-column elementor-col-50 elementor-top-column elementor-element elementor-element-2c25806 animated-slow elementor-invisible\" data-id=\"2c25806\" data-element_type=\"column\" data-e-type=\"column\" data-settings=\"{&quot;animation&quot;:&quot;fadeInUp&quot;}\">\n\t\t\t<div class=\"elementor-widget-wrap elementor-element-populated\">\n\t\t\t\t\t\t<div class=\"elementor-element elementor-element-346f79d elementor-widget elementor-widget-heading\" data-id=\"346f79d\" data-element_type=\"widget\" data-e-type=\"widget\" data-widget_type=\"heading.default\">\n\t\t\t\t<div class=\"elementor-widget-container\">\n\t\t\t\t\t<h2 class=\"elementor-heading-title elementor-size-default\">PROFESYONEL EK\u0130P<\/h2>\t\t\t\t<\/div>\n\t\t\t\t<\/div>\n\t\t\t\t<div class=\"elementor-element elementor-element-d25cc1c elementor-widget elementor-widget-heading\" data-id=\"d25cc1c\" data-element_type=\"widget\" data-e-type=\"widget\" data-widget_type=\"heading.default\">\n\t\t\t\t<div class=\"elementor-widget-container\">\n\t\t\t\t\t<h2 class=\"elementor-heading-title elementor-size-default\">Almanya, Kosova, \u0130talya, H\u0131rvatistan, Makedonya ve Arnavutluk'ta bulunan ekibimiz, yang\u0131n g\u00fcvenli\u011fi teknolojisindeki son geli\u015fmeler hakk\u0131nda bilgi sahibi deneyimli profesyonellerden olu\u015fmaktad\u0131r. Her zaman m\u00fc\u015fterilerimizin g\u00fcvenli\u011fini art\u0131rabilecek ve olas\u0131 yang\u0131n acil durumlar\u0131na haz\u0131rl\u0131kl\u0131 olmalar\u0131n\u0131 sa\u011flayacak yeni \u00fcr\u00fcnler ve yenilikler ar\u0131yoruz.\nOla\u011fan\u00fcst\u00fc m\u00fc\u015fteri hizmeti sunmaktan gurur duyuyoruz ve ihtiya\u00e7lar\u0131n\u0131 en iyi \u015fekilde kar\u015f\u0131layan \u00fcr\u00fcn ve hizmetleri almalar\u0131n\u0131 sa\u011flamak i\u00e7in d\u00fcnyan\u0131n d\u00f6rt bir yan\u0131ndaki m\u00fc\u015fterilerimizle yak\u0131n bir \u015fekilde \u00e7al\u0131\u015f\u0131yoruz.Ekibimiz, sorular\u0131 yan\u0131tlamak, tavsiyelerde bulunmak ve m\u00fc\u015fterilerimize destek sa\u011flamak i\u00e7in her zaman haz\u0131rd\u0131r.\n\u00dcretim ve sat\u0131\u015f operasyonlar\u0131m\u0131za ek olarak, m\u00fc\u015fterilerimizin TRIDENT'in sa\u011flad\u0131\u011f\u0131 yang\u0131n g\u00fcvenli\u011fini ve etkili \u00f6nlemeyi daha iyi anlamalar\u0131na yard\u0131mc\u0131 olmak i\u00e7in e\u011fitim ve \u00f6\u011fretim hizmetleri de sa\u011fl\u0131yoruz.\nBilginin etkili yang\u0131n g\u00fcvenli\u011finin anahtar\u0131 oldu\u011funa inan\u0131yoruz ve uzmanl\u0131\u011f\u0131m\u0131z\u0131 m\u00fc\u015fterilerimiz ve ortaklar\u0131m\u0131zla payla\u015fmaya kararl\u0131y\u0131z. \n<\/h2>\t\t\t\t<\/div>\n\t\t\t\t<\/div>\n\t\t\t\t\t<\/div>\n\t\t<\/div>\n\t\t\t\t\t<\/div>\n\t\t<\/section>\n\t\t\t\t<section class=\"elementor-section elementor-top-section elementor-element elementor-element-e3ca02c elementor-section-boxed elementor-section-height-default elementor-section-height-default\" data-id=\"e3ca02c\" data-element_type=\"section\" data-e-type=\"section\" data-settings=\"{&quot;shape_divider_top&quot;:&quot;tilt&quot;}\">\n\t\t\t\t\t<div class=\"elementor-shape elementor-shape-top\" aria-hidden=\"true\" data-negative=\"false\">\n\t\t\t<svg xmlns=\"http:\/\/www.w3.org\/2000\/svg\" viewbox=\"0 0 1000 100\" preserveaspectratio=\"none\">\n\t<path class=\"elementor-shape-fill\" d=\"M0,6V0h1000v100L0,6z\"\/>\n<\/svg>\t\t<\/div>\n\t\t\t\t\t<div class=\"elementor-container elementor-column-gap-default\">\n\t\t\t\t\t<div class=\"elementor-column elementor-col-50 elementor-top-column elementor-element elementor-element-c148841 animated-slow elementor-invisible\" data-id=\"c148841\" data-element_type=\"column\" data-e-type=\"column\" data-settings=\"{&quot;animation&quot;:&quot;fadeInUp&quot;}\">\n\t\t\t<div class=\"elementor-widget-wrap elementor-element-populated\">\n\t\t\t\t\t\t<div class=\"elementor-element elementor-element-7ff0533 elementor-widget elementor-widget-heading\" data-id=\"7ff0533\" data-element_type=\"widget\" data-e-type=\"widget\" data-widget_type=\"heading.default\">\n\t\t\t\t<div class=\"elementor-widget-container\">\n\t\t\t\t\t<h2 class=\"elementor-heading-title elementor-size-default\">G\u00dcVENL\u0130K \u00d6NCEL\u0130KL\u0130D\u0130R<\/h2>\t\t\t\t<\/div>\n\t\t\t\t<\/div>\n\t\t\t\t<div class=\"elementor-element elementor-element-8b92fe5 elementor-widget elementor-widget-heading\" data-id=\"8b92fe5\" data-element_type=\"widget\" data-e-type=\"widget\" data-widget_type=\"heading.default\">\n\t\t\t\t<div class=\"elementor-widget-container\">\n\t\t\t\t\t<h2 class=\"elementor-heading-title elementor-size-default\">TRIDENT CSL LLC olarak biz, yang\u0131n g\u00fcvenli\u011fi konusunda tutkuluyuz ve m\u00fc\u015fterilerimize m\u00fcmk\u00fcn olan en iyi \u00fcr\u00fcn ve hizmetleri sunmaya kararl\u0131y\u0131z.\u0130ster 0 \u00e7evre dostu tek bir yang\u0131n s\u00f6nd\u00fcr\u00fcc\u00fc ar\u0131yor olun, ister t\u00fcm bir end\u00fcstriyel tesisi donatmak isteyin, g\u00fcvende ve korunmak i\u00e7in ihtiyac\u0131n\u0131z olan \u00e7\u00f6z\u00fcmlere sahibiz.<\/h2>\t\t\t\t<\/div>\n\t\t\t\t<\/div>\n\t\t\t\t\t<\/div>\n\t\t<\/div>\n\t\t\t\t<div class=\"elementor-column elementor-col-50 elementor-top-column elementor-element elementor-element-0de1a0c animated-slow elementor-invisible\" data-id=\"0de1a0c\" data-element_type=\"column\" data-e-type=\"column\" data-settings=\"{&quot;animation&quot;:&quot;fadeInUp&quot;}\">\n\t\t\t<div class=\"elementor-widget-wrap elementor-element-populated\">\n\t\t\t\t\t\t<div class=\"elementor-element elementor-element-aaeb291 elementor-widget elementor-widget-image\" data-id=\"aaeb291\" data-element_type=\"widget\" data-e-type=\"widget\" data-widget_type=\"image.default\">\n\t\t\t\t<div class=\"elementor-widget-container\">\n\t\t\t\t\t\t\t\t\t\t\t\t\t\t\t<img decoding=\"async\" width=\"1100\" height=\"1259\" src=\"https:\/\/eft-montenegro.com\/wp-content\/uploads\/2023\/04\/safetyprimary-min.png\" class=\"elementor-animation-grow attachment-full size-full wp-image-1275\" alt=\"\" srcset=\"https:\/\/eft-montenegro.com\/wp-content\/uploads\/2023\/04\/safetyprimary-min.png 1100w, https:\/\/eft-montenegro.com\/wp-content\/uploads\/2023\/04\/safetyprimary-min-262x300.png 262w, https:\/\/eft-montenegro.com\/wp-content\/uploads\/2023\/04\/safetyprimary-min-900x1030.png 900w, https:\/\/eft-montenegro.com\/wp-content\/uploads\/2023\/04\/safetyprimary-min-768x879.png 768w, https:\/\/eft-montenegro.com\/wp-content\/uploads\/2023\/04\/safetyprimary-min-10x12.png 10w\" sizes=\"(max-width: 1100px) 100vw, 1100px\" \/>\t\t\t\t\t\t\t\t\t\t\t\t\t\t\t<\/div>\n\t\t\t\t<\/div>\n\t\t\t\t\t<\/div>\n\t\t<\/div>\n\t\t\t\t\t<\/div>\n\t\t<\/section>\n\t\t\t\t<section class=\"elementor-section elementor-top-section elementor-element elementor-element-91cd42a elementor-section-boxed elementor-section-height-default elementor-section-height-default\" data-id=\"91cd42a\" data-element_type=\"section\" data-e-type=\"section\">\n\t\t\t\t\t\t<div class=\"elementor-container elementor-column-gap-default\">\n\t\t\t\t\t<div class=\"elementor-column elementor-col-50 elementor-top-column elementor-element elementor-element-10402f0\" data-id=\"10402f0\" data-element_type=\"column\" data-e-type=\"column\">\n\t\t\t<div class=\"elementor-widget-wrap\">\n\t\t\t\t\t\t\t<\/div>\n\t\t<\/div>\n\t\t\t\t<div class=\"elementor-column elementor-col-50 elementor-top-column elementor-element elementor-element-9ff0caf\" data-id=\"9ff0caf\" data-element_type=\"column\" data-e-type=\"column\">\n\t\t\t<div class=\"elementor-widget-wrap\">\n\t\t\t\t\t\t\t<\/div>\n\t\t<\/div>\n\t\t\t\t\t<\/div>\n\t\t<\/section>\n\t\t\t\t<\/div>","protected":false},"excerpt":{"rendered":"<p>ABOUT US TRIDENT CSL L.L.C is Global company dedicated to providing high-quality fire safety solutions to our clients through production of 100% of Biological Fire Extinguishing agent. With years of experience in the industry, TRIDENT has established ourselves as a trusted and reliable source for fire extinguishers and related products for various private and public [&hellip;]<\/p>","protected":false},"author":1,"featured_media":0,"parent":0,"menu_order":0,"comment_status":"closed","ping_status":"closed","template":"elementor_header_footer","meta":{"footnotes":""},"class_list":["post-987","page","type-page","status-publish","hentry"],"yoast_head":"<!-- This site is optimized with the Yoast SEO Premium plugin v21.5 (Yoast SEO v27.0) - https:\/\/yoast.com\/product\/yoast-seo-premium-wordpress\/ -->\n<title>About us - Eco Fire Technology<\/title>\n<meta name=\"description\" content=\"About us - Eco Fire Technology\" \/>\n<meta name=\"robots\" content=\"index, follow, max-snippet:-1, max-image-preview:large, max-video-preview:-1\" \/>\n<link rel=\"canonical\" href=\"https:\/\/eft-montenegro.com\/tr\/about-us\/\" \/>\n<meta property=\"og:locale\" content=\"tr_TR\" \/>\n<meta property=\"og:type\" content=\"article\" \/>\n<meta property=\"og:title\" content=\"About us - Eco Fire Technology\" \/>\n<meta property=\"og:description\" content=\"About us - Eco Fire Technology\" \/>\n<meta property=\"og:url\" content=\"https:\/\/eft-montenegro.com\/tr\/about-us\/\" \/>\n<meta property=\"og:site_name\" content=\"Eco Fire Technology\" \/>\n<meta property=\"article:modified_time\" content=\"2023-07-28T22:44:43+00:00\" \/>\n<meta property=\"og:image\" content=\"https:\/\/eft-montenegro.com\/wp-content\/uploads\/2023\/04\/proffesionalteam-min.png\" \/>\n<meta name=\"twitter:card\" content=\"summary_large_image\" \/>\n<meta name=\"twitter:label1\" content=\"Tahmini okuma s\u00fcresi\" \/>\n\t<meta name=\"twitter:data1\" content=\"2 dakika\" \/>\n<script type=\"application\/ld+json\" class=\"yoast-schema-graph\">{\"@context\":\"https:\/\/schema.org\",\"@graph\":[{\"@type\":\"WebPage\",\"@id\":\"https:\/\/eft-montenegro.com\/crn\/about-us\/\",\"url\":\"https:\/\/eft-montenegro.com\/crn\/about-us\/\",\"name\":\"About us - Eco Fire Technology\",\"isPartOf\":{\"@id\":\"https:\/\/eft-montenegro.com\/en\/#website\"},\"primaryImageOfPage\":{\"@id\":\"https:\/\/eft-montenegro.com\/crn\/about-us\/#primaryimage\"},\"image\":{\"@id\":\"https:\/\/eft-montenegro.com\/crn\/about-us\/#primaryimage\"},\"thumbnailUrl\":\"https:\/\/eft-montenegro.com\/wp-content\/uploads\/2023\/04\/proffesionalteam-min.png\",\"datePublished\":\"2023-03-27T20:29:08+00:00\",\"dateModified\":\"2023-07-28T22:44:43+00:00\",\"description\":\"About us - Eco Fire Technology\",\"breadcrumb\":{\"@id\":\"https:\/\/eft-montenegro.com\/crn\/about-us\/#breadcrumb\"},\"inLanguage\":\"tr\",\"potentialAction\":[{\"@type\":\"ReadAction\",\"target\":[\"https:\/\/eft-montenegro.com\/crn\/about-us\/\"]}]},{\"@type\":\"ImageObject\",\"inLanguage\":\"tr\",\"@id\":\"https:\/\/eft-montenegro.com\/crn\/about-us\/#primaryimage\",\"url\":\"https:\/\/eft-montenegro.com\/wp-content\/uploads\/2023\/04\/proffesionalteam-min.png\",\"contentUrl\":\"https:\/\/eft-montenegro.com\/wp-content\/uploads\/2023\/04\/proffesionalteam-min.png\"},{\"@type\":\"BreadcrumbList\",\"@id\":\"https:\/\/eft-montenegro.com\/crn\/about-us\/#breadcrumb\",\"itemListElement\":[{\"@type\":\"ListItem\",\"position\":1,\"name\":\"Home\",\"item\":\"https:\/\/eft-montenegro.com\/crn\/\"},{\"@type\":\"ListItem\",\"position\":2,\"name\":\"About us\"}]},{\"@type\":\"WebSite\",\"@id\":\"https:\/\/eft-montenegro.com\/en\/#website\",\"url\":\"https:\/\/eft-montenegro.com\/en\/\",\"name\":\"Eco Fire Technology\",\"description\":\"\",\"publisher\":{\"@id\":\"https:\/\/eft-montenegro.com\/en\/#organization\"},\"potentialAction\":[{\"@type\":\"SearchAction\",\"target\":{\"@type\":\"EntryPoint\",\"urlTemplate\":\"https:\/\/eft-montenegro.com\/en\/?s={search_term_string}\"},\"query-input\":{\"@type\":\"PropertyValueSpecification\",\"valueRequired\":true,\"valueName\":\"search_term_string\"}}],\"inLanguage\":\"tr\"},{\"@type\":\"Organization\",\"@id\":\"https:\/\/eft-montenegro.com\/en\/#organization\",\"name\":\"Trident CSL\",\"url\":\"https:\/\/eft-montenegro.com\/en\/\",\"logo\":{\"@type\":\"ImageObject\",\"inLanguage\":\"tr\",\"@id\":\"https:\/\/eft-montenegro.com\/en\/#\/schema\/logo\/image\/\",\"url\":\"https:\/\/eft-montenegro.com\/wp-content\/uploads\/2023\/03\/eft_logo-1.png\",\"contentUrl\":\"https:\/\/eft-montenegro.com\/wp-content\/uploads\/2023\/03\/eft_logo-1.png\",\"width\":1903,\"height\":1012,\"caption\":\"Trident CSL\"},\"image\":{\"@id\":\"https:\/\/eft-montenegro.com\/en\/#\/schema\/logo\/image\/\"}}]}<\/script>\n<!-- \/ Yoast SEO Premium plugin. -->","yoast_head_json":{"title":"About us - Eco Fire Technology","description":"About us - Eco Fire Technology","robots":{"index":"index","follow":"follow","max-snippet":"max-snippet:-1","max-image-preview":"max-image-preview:large","max-video-preview":"max-video-preview:-1"},"canonical":"https:\/\/eft-montenegro.com\/tr\/about-us\/","og_locale":"tr_TR","og_type":"article","og_title":"About us - Eco Fire Technology","og_description":"About us - Eco Fire Technology","og_url":"https:\/\/eft-montenegro.com\/tr\/about-us\/","og_site_name":"Eco Fire Technology","article_modified_time":"2023-07-28T22:44:43+00:00","og_image":[{"url":"https:\/\/eft-montenegro.com\/wp-content\/uploads\/2023\/04\/proffesionalteam-min.png","type":"","width":"","height":""}],"twitter_card":"summary_large_image","twitter_misc":{"Tahmini okuma s\u00fcresi":"2 dakika"},"schema":{"@context":"https:\/\/schema.org","@graph":[{"@type":"WebPage","@id":"https:\/\/eft-montenegro.com\/crn\/about-us\/","url":"https:\/\/eft-montenegro.com\/crn\/about-us\/","name":"About us - Eco Fire Technology","isPartOf":{"@id":"https:\/\/eft-montenegro.com\/en\/#website"},"primaryImageOfPage":{"@id":"https:\/\/eft-montenegro.com\/crn\/about-us\/#primaryimage"},"image":{"@id":"https:\/\/eft-montenegro.com\/crn\/about-us\/#primaryimage"},"thumbnailUrl":"https:\/\/eft-montenegro.com\/wp-content\/uploads\/2023\/04\/proffesionalteam-min.png","datePublished":"2023-03-27T20:29:08+00:00","dateModified":"2023-07-28T22:44:43+00:00","description":"About us - Eco Fire Technology","breadcrumb":{"@id":"https:\/\/eft-montenegro.com\/crn\/about-us\/#breadcrumb"},"inLanguage":"tr","potentialAction":[{"@type":"ReadAction","target":["https:\/\/eft-montenegro.com\/crn\/about-us\/"]}]},{"@type":"ImageObject","inLanguage":"tr","@id":"https:\/\/eft-montenegro.com\/crn\/about-us\/#primaryimage","url":"https:\/\/eft-montenegro.com\/wp-content\/uploads\/2023\/04\/proffesionalteam-min.png","contentUrl":"https:\/\/eft-montenegro.com\/wp-content\/uploads\/2023\/04\/proffesionalteam-min.png"},{"@type":"BreadcrumbList","@id":"https:\/\/eft-montenegro.com\/crn\/about-us\/#breadcrumb","itemListElement":[{"@type":"ListItem","position":1,"name":"Home","item":"https:\/\/eft-montenegro.com\/crn\/"},{"@type":"ListItem","position":2,"name":"About us"}]},{"@type":"WebSite","@id":"https:\/\/eft-montenegro.com\/en\/#website","url":"https:\/\/eft-montenegro.com\/en\/","name":"Eco Fire Technology","description":"","publisher":{"@id":"https:\/\/eft-montenegro.com\/en\/#organization"},"potentialAction":[{"@type":"SearchAction","target":{"@type":"EntryPoint","urlTemplate":"https:\/\/eft-montenegro.com\/en\/?s={search_term_string}"},"query-input":{"@type":"PropertyValueSpecification","valueRequired":true,"valueName":"search_term_string"}}],"inLanguage":"tr"},{"@type":"Organization","@id":"https:\/\/eft-montenegro.com\/en\/#organization","name":"Trident CSL","url":"https:\/\/eft-montenegro.com\/en\/","logo":{"@type":"ImageObject","inLanguage":"tr","@id":"https:\/\/eft-montenegro.com\/en\/#\/schema\/logo\/image\/","url":"https:\/\/eft-montenegro.com\/wp-content\/uploads\/2023\/03\/eft_logo-1.png","contentUrl":"https:\/\/eft-montenegro.com\/wp-content\/uploads\/2023\/03\/eft_logo-1.png","width":1903,"height":1012,"caption":"Trident CSL"},"image":{"@id":"https:\/\/eft-montenegro.com\/en\/#\/schema\/logo\/image\/"}}]}},"_links":{"self":[{"href":"https:\/\/eft-montenegro.com\/tr\/wp-json\/wp\/v2\/pages\/987","targetHints":{"allow":["GET"]}}],"collection":[{"href":"https:\/\/eft-montenegro.com\/tr\/wp-json\/wp\/v2\/pages"}],"about":[{"href":"https:\/\/eft-montenegro.com\/tr\/wp-json\/wp\/v2\/types\/page"}],"author":[{"embeddable":true,"href":"https:\/\/eft-montenegro.com\/tr\/wp-json\/wp\/v2\/users\/1"}],"replies":[{"embeddable":true,"href":"https:\/\/eft-montenegro.com\/tr\/wp-json\/wp\/v2\/comments?post=987"}],"version-history":[{"count":37,"href":"https:\/\/eft-montenegro.com\/tr\/wp-json\/wp\/v2\/pages\/987\/revisions"}],"predecessor-version":[{"id":1445,"href":"https:\/\/eft-montenegro.com\/tr\/wp-json\/wp\/v2\/pages\/987\/revisions\/1445"}],"wp:attachment":[{"href":"https:\/\/eft-montenegro.com\/tr\/wp-json\/wp\/v2\/media?parent=987"}],"curies":[{"name":"wp","href":"https:\/\/api.w.org\/{rel}","templated":true}]}}